{"id":267,"date":"2022-12-04T18:06:03","date_gmt":"2022-12-04T17:06:03","guid":{"rendered":"https:\/\/chiro90.wordpress.com\/?page_id=267"},"modified":"2025-03-29T17:42:00","modified_gmt":"2025-03-29T15:42:00","slug":"wegbeschreibung","status":"publish","type":"page","link":"https:\/\/chiropraktik-oldenburg.de\/?page_id=267","title":{"rendered":"Wegbeschreibung"},"content":{"rendered":"\n<div class=\"wp-block-columns alignfull has-background-color has-text-color has-background is-layout-flex wp-container-core-columns-is-layout-5c5cdacd wp-block-columns-is-layout-flex\" style=\"border-radius:7px;background:linear-gradient(90deg,rgba(51,51,51,0.83) 0%,rgb(51,51,51) 46%,rgba(51,51,51,0.83) 100%);padding-top:var(--wp--preset--spacing--20);padding-right:var(--wp--preset--spacing--20);padding-bottom:var(--wp--preset--spacing--20);padding-left:var(--wp--preset--spacing--20)\">\n<div class=\"wp-block-column is-layout-flow wp-block-column-is-layout-flow\">\n<p class=\"has-text-align-center has-medium-font-size\">WEGBESCHREIBUNG &#8211; So finden Sie uns<\/p>\n<\/div>\n<\/div>\n\n\n\n<div class=\"wp-block-columns alignwide is-layout-flex wp-container-core-columns-is-layout-28f84493 wp-block-columns-is-layout-flex\">\n<div class=\"wp-block-column is-layout-flow wp-block-column-is-layout-flow\">\n<div class=\"wp-block-media-text alignwide is-stacked-on-mobile\"><figure class=\"wp-block-media-text__media\"><img fetchpriority=\"high\" decoding=\"async\" width=\"878\" height=\"720\" src=\"https:\/\/chiropraktik-oldenburg.de\/wp-content\/uploads\/2025\/03\/Weg-rund.png\" alt=\"\" class=\"wp-image-1953 size-full\" srcset=\"https:\/\/chiropraktik-oldenburg.de\/wp-content\/uploads\/2025\/03\/Weg-rund.png 878w, https:\/\/chiropraktik-oldenburg.de\/wp-content\/uploads\/2025\/03\/Weg-rund-300x246.png 300w, https:\/\/chiropraktik-oldenburg.de\/wp-content\/uploads\/2025\/03\/Weg-rund-768x630.png 768w\" sizes=\"(max-width: 878px) 100vw, 878px\" \/><\/figure><div class=\"wp-block-media-text__content\">\n<p class=\"has-medium-font-size\"><strong>Mit dem Auto<\/strong> (nur ca. 4 min. ab der A28)<\/p>\n\n\n\n<ul class=\"wp-block-list\">\n<li>Anfahrt von der A28 aus (siehe Karte)<\/li>\n\n\n\n<li>Ausfahrt&nbsp;<strong>15-Oldenburg-Kreyenbr\u00fcck<\/strong> Richtung Kreyenbr\u00fcck fahren<\/li>\n\n\n\n<li>der <strong>Cloppenburger-Stra\u00dfe<\/strong> oder ab Sandkamp der Stra\u00dfe <strong>An den Vo\u00dfbergen<\/strong> (2 km) folgen<\/li>\n\n\n\n<li>links auf Klingenbergstra\u00dfe<\/li>\n\n\n\n<li>dann gleich wieder rechts auf Giesenweg<\/li>\n\n\n\n<li>die Praxis sehen Sie, sobald Sie in den Giesenweg einbiegen<\/li>\n<\/ul>\n<\/div><\/div>\n<\/div>\n<\/div>\n\n\n\n<div class=\"wp-block-media-text alignwide has-media-on-the-right is-stacked-on-mobile\"><div class=\"wp-block-media-text__content\">\n<p class=\"has-medium-font-size\"><strong>Mit dem Bus<\/strong><\/p>\n\n\n\n<p class=\"has-text-align-justify\">Nehmen Sie den Bus in Oldenburg bis zur <strong>Haltestelle Giesenweg<\/strong> (in der Klingenbergstra\u00dfe). Die Praxis ist beim Ausstieg direkt in <strong>Sichtweite <\/strong>(siehe Bild).<\/p>\n\n\n\n<p class=\"has-text-align-justify\">Den <strong>Fahrplan<\/strong> der Linienbusse finden Sie auf der Seite <a rel=\"noreferrer noopener\" href=\"http:\/\/www.vwg.de\/Fahrplan.html\" target=\"_blank\">www.vwg.de\/Fahrplan.html<\/a><\/p>\n\n\n\n<p class=\"has-text-align-justify\"><strong>Linienpl\u00e4ne <\/strong>und <strong>Bussteige<\/strong> finden Sie auf der Seite <a rel=\"noreferrer noopener\" href=\"http:\/\/www.vwg.de\/Fahrplan-Linienplaene-und-Bussteige.html\" target=\"_blank\">www.vwg.de\/Fahrplan-Linienplaene-und-Bussteige.html<\/a><\/p>\n<\/div><figure class=\"wp-block-media-text__media\"><img decoding=\"async\" width=\"1024\" height=\"654\" src=\"https:\/\/chiropraktik-oldenburg.de\/wp-content\/uploads\/2025\/03\/Bus-rund.png\" alt=\"\" class=\"wp-image-1954 size-full\" srcset=\"https:\/\/chiropraktik-oldenburg.de\/wp-content\/uploads\/2025\/03\/Bus-rund.png 1024w, https:\/\/chiropraktik-oldenburg.de\/wp-content\/uploads\/2025\/03\/Bus-rund-300x192.png 300w, https:\/\/chiropraktik-oldenburg.de\/wp-content\/uploads\/2025\/03\/Bus-rund-768x491.png 768w\" sizes=\"(max-width: 1024px) 100vw, 1024px\" \/><\/figure><\/div>\n\n\n\n<div class=\"wp-block-columns alignfull has-background-color has-text-color has-background is-layout-flex wp-container-core-columns-is-layout-5c5cdacd wp-block-columns-is-layout-flex\" style=\"border-radius:7px;background:linear-gradient(90deg,rgba(51,51,51,0.83) 0%,rgb(51,51,51) 49%,rgba(51,51,51,0.83) 100%);padding-top:var(--wp--preset--spacing--20);padding-right:var(--wp--preset--spacing--20);padding-bottom:var(--wp--preset--spacing--20);padding-left:var(--wp--preset--spacing--20)\">\n<div class=\"wp-block-column is-layout-flow wp-block-column-is-layout-flow\">\n<p class=\"has-text-align-center has-medium-font-size\">PARKM\u00d6GLICHKEITEN<\/p>\n<\/div>\n<\/div>\n\n\n\n<div class=\"wp-block-columns alignwide is-layout-flex wp-container-core-columns-is-layout-28f84493 wp-block-columns-is-layout-flex\">\n<div class=\"wp-block-column is-layout-flow wp-block-column-is-layout-flow\">\n<div class=\"wp-block-media-text alignwide is-stacked-on-mobile\"><figure class=\"wp-block-media-text__media\"><img decoding=\"async\" width=\"986\" height=\"720\" src=\"https:\/\/chiropraktik-oldenburg.de\/wp-content\/uploads\/2025\/03\/Luft-rund.png\" alt=\"\" class=\"wp-image-1955 size-full\" srcset=\"https:\/\/chiropraktik-oldenburg.de\/wp-content\/uploads\/2025\/03\/Luft-rund.png 986w, https:\/\/chiropraktik-oldenburg.de\/wp-content\/uploads\/2025\/03\/Luft-rund-300x219.png 300w, https:\/\/chiropraktik-oldenburg.de\/wp-content\/uploads\/2025\/03\/Luft-rund-768x561.png 768w\" sizes=\"(max-width: 986px) 100vw, 986px\" \/><\/figure><div class=\"wp-block-media-text__content\">\n<p class=\"has-medium-font-size\"><strong>Parkpl\u00e4tze exklusiv f\u00fcr unsere Patienten<\/strong><\/p>\n\n\n\n<p class=\"has-text-align-justify\">Auf dem Parkbereich direkt neben der Praxis befinden sich <strong>7 kostenlose Parkpl\u00e4tze nur f\u00fcr unsere Patienten<\/strong>.<\/p>\n<\/div><\/div>\n\n\n\n<div class=\"wp-block-media-text alignwide has-media-on-the-right is-stacked-on-mobile\"><div class=\"wp-block-media-text__content\">\n<p class=\"has-medium-font-size\"><strong>Zus\u00e4tzliche \u00f6ffentliche Parkpl\u00e4tze<\/strong><\/p>\n\n\n\n<p class=\"has-text-align-justify\">Zudem befinden sich <strong>5 \u00f6ffentliche Parkpl\u00e4tze<\/strong> direkt vor dem Eingang der Praxis, die ebenfalls kostenlos sind und von Ihnen genutzt werden k\u00f6nnen.<\/p>\n<\/div><figure class=\"wp-block-media-text__media\"><img loading=\"lazy\" decoding=\"async\" width=\"1024\" height=\"692\" src=\"https:\/\/chiropraktik-oldenburg.de\/wp-content\/uploads\/2025\/03\/Tuer-rund.png\" alt=\"\" class=\"wp-image-1956 size-full\" srcset=\"https:\/\/chiropraktik-oldenburg.de\/wp-content\/uploads\/2025\/03\/Tuer-rund.png 1024w, https:\/\/chiropraktik-oldenburg.de\/wp-content\/uploads\/2025\/03\/Tuer-rund-300x203.png 300w, https:\/\/chiropraktik-oldenburg.de\/wp-content\/uploads\/2025\/03\/Tuer-rund-768x519.png 768w\" sizes=\"(max-width: 1024px) 100vw, 1024px\" \/><\/figure><\/div>\n<\/div>\n<\/div>\n\n\n\n<div style=\"height:50px\" aria-hidden=\"true\" class=\"wp-block-spacer\"><\/div>\n","protected":false},"excerpt":{"rendered":"<p>WEGBESCHREIBUNG &#8211; So finden Sie uns Mit dem Auto (nur ca. 4 min. ab der A28) Mit dem Bus Nehmen Sie den Bus in Oldenburg bis zur Haltestelle Giesenweg (in der Klingenbergstra\u00dfe). Die Praxis ist beim Ausstieg direkt in Sichtweite (siehe Bild). Den Fahrplan der Linienbusse finden Sie auf der Seite www.vwg.de\/Fahrplan.html Linienpl\u00e4ne und Bussteige [&hellip;]<\/p>\n","protected":false},"author":1,"featured_media":0,"parent":0,"menu_order":0,"comment_status":"closed","ping_status":"closed","template":"page-without-title","meta":{"_themeisle_gutenberg_block_has_review":false,"footnotes":""},"class_list":["post-267","page","type-page","status-publish","hentry"],"_links":{"self":[{"href":"https:\/\/chiropraktik-oldenburg.de\/index.php?rest_route=\/wp\/v2\/pages\/267","targetHints":{"allow":["GET"]}}],"collection":[{"href":"https:\/\/chiropraktik-oldenburg.de\/index.php?rest_route=\/wp\/v2\/pages"}],"about":[{"href":"https:\/\/chiropraktik-oldenburg.de\/index.php?rest_route=\/wp\/v2\/types\/page"}],"author":[{"embeddable":true,"href":"https:\/\/chiropraktik-oldenburg.de\/index.php?rest_route=\/wp\/v2\/users\/1"}],"replies":[{"embeddable":true,"href":"https:\/\/chiropraktik-oldenburg.de\/index.php?rest_route=%2Fwp%2Fv2%2Fcomments&post=267"}],"version-history":[{"count":23,"href":"https:\/\/chiropraktik-oldenburg.de\/index.php?rest_route=\/wp\/v2\/pages\/267\/revisions"}],"predecessor-version":[{"id":1957,"href":"https:\/\/chiropraktik-oldenburg.de\/index.php?rest_route=\/wp\/v2\/pages\/267\/revisions\/1957"}],"wp:attachment":[{"href":"https:\/\/chiropraktik-oldenburg.de\/index.php?rest_route=%2Fwp%2Fv2%2Fmedia&parent=267"}],"curies":[{"name":"wp","href":"https:\/\/api.w.org\/{rel}","templated":true}]}}