{"id":234,"date":"2022-12-04T17:12:51","date_gmt":"2022-12-04T16:12:51","guid":{"rendered":"https:\/\/chiro90.wordpress.com\/?page_id=234"},"modified":"2025-04-13T08:15:48","modified_gmt":"2025-04-13T06:15:48","slug":"chiropraktik","status":"publish","type":"page","link":"https:\/\/chiropraktik-oldenburg.de\/?page_id=234","title":{"rendered":"\u00dcber Chiropraktik"},"content":{"rendered":"\n<div class=\"wp-block-cover alignfull is-light has-parallax has-custom-content-position is-position-top-left\" style=\"min-height:700px;aspect-ratio:unset;\"><span aria-hidden=\"true\" class=\"wp-block-cover__background has-tertiary-background-color has-background-dim-10 has-background-dim\"><\/span><div class=\"wp-block-cover__image-background wp-image-1024 has-parallax\" style=\"background-position:50% 50%;background-image:url(https:\/\/chiropraktik-oldenburg.de\/wp-content\/uploads\/2022\/12\/ChiroBild.png)\"><\/div><div class=\"wp-block-cover__inner-container is-layout-flow wp-block-cover-is-layout-flow\">\n<div class=\"wp-block-columns has-background is-layout-flex wp-container-core-columns-is-layout-28f84493 wp-block-columns-is-layout-flex\" style=\"border-radius:7px;background-color:#33333391\">\n<div class=\"wp-block-column is-layout-flow wp-block-column-is-layout-flow\">\n<p class=\"has-background-color has-text-color\" style=\"font-size:22px\">\u00dcBER CHIROPRAKTIK<\/p>\n<\/div>\n<\/div>\n<\/div><\/div>\n\n\n\n<div class=\"wp-block-columns alignfull has-background-color has-text-color has-background is-layout-flex wp-container-core-columns-is-layout-5c5cdacd wp-block-columns-is-layout-flex\" style=\"border-radius:7px;background:linear-gradient(90deg,rgba(51,51,51,0.83) 0%,rgb(51,51,51) 48%,rgba(51,51,51,0.83) 100%);padding-top:var(--wp--preset--spacing--20);padding-right:var(--wp--preset--spacing--20);padding-bottom:var(--wp--preset--spacing--20);padding-left:var(--wp--preset--spacing--20)\">\n<div class=\"wp-block-column is-layout-flow wp-block-column-is-layout-flow\">\n<p class=\"has-text-align-center has-medium-font-size\">ALLGEMEINES \u00fcber Chiropraktik<\/p>\n<\/div>\n<\/div>\n\n\n\n<div class=\"wp-block-columns alignwide is-layout-flex wp-container-core-columns-is-layout-d7d455e7 wp-block-columns-is-layout-flex\" style=\"border-style:none;border-width:0px;border-radius:0px;padding-top:0;padding-right:0;padding-bottom:0;padding-left:0\">\n<div class=\"wp-block-column is-layout-flow wp-block-column-is-layout-flow\">\n<div class=\"wp-block-media-text alignwide is-stacked-on-mobile\" style=\"grid-template-columns:40% auto\"><figure class=\"wp-block-media-text__media\"><img fetchpriority=\"high\" decoding=\"async\" width=\"829\" height=\"1024\" src=\"https:\/\/chiropraktik-oldenburg.de\/wp-content\/uploads\/2025\/03\/chiro-rund-829x1024.png\" alt=\"\" class=\"wp-image-1937 size-full\" srcset=\"https:\/\/chiropraktik-oldenburg.de\/wp-content\/uploads\/2025\/03\/chiro-rund-829x1024.png 829w, https:\/\/chiropraktik-oldenburg.de\/wp-content\/uploads\/2025\/03\/chiro-rund-243x300.png 243w, https:\/\/chiropraktik-oldenburg.de\/wp-content\/uploads\/2025\/03\/chiro-rund-768x949.png 768w, https:\/\/chiropraktik-oldenburg.de\/wp-content\/uploads\/2025\/03\/chiro-rund.png 874w\" sizes=\"(max-width: 829px) 100vw, 829px\" \/><\/figure><div class=\"wp-block-media-text__content\">\n<p class=\"has-text-align-justify\">Das Wort Chiropraktik kommt aus dem Griechischen und bedeutet \u201e<strong>Mit der Hand behandeln<\/strong>\u201c. Chiropraktik ist eine manuelle und wissenschaftlich fundierte Technik zur Behandlung der Wirbels\u00e4ule und des \u00fcbrigen Bewegungsapparats.<\/p>\n\n\n\n<p class=\"has-text-align-justify ticss-adf37d54\">Die <strong>chiropraktische Behandlung ist ganzheitlich<\/strong>, bei der der K\u00f6rper als sinnvolle und organisierte Gesamtheit betrachtet wird. Chiropraktik befasst sich mit der Diagnose, der Behandlung sowie der Vorbeugung von Funktionsst\u00f6rungen und deren Auswirkungen auf das Nervensystem und auf die allgemeine Gesundheit.<\/p>\n\n\n\n<p class=\"has-text-align-justify\">Es werden <strong>keine Medikamente oder Spritzen<\/strong> benutzt und keine chirurgischen Eingriffe durchgef\u00fchrt. Chiropraktik ist ein \u201enat\u00fcrlicher Weg\u201c zur Gesundheit.<\/p>\n\n\n\n<p class=\"has-text-align-justify\">Chiropraktoren haben sich durch ihre Ausbildung darauf spezialisiert, durch <strong>gezielte Impulse<\/strong> blockierte Wirbelgelenke zu justieren. Diese mit den H\u00e4nden ausgef\u00fchrten <strong>sanften&nbsp;Korrekturen <\/strong>sind <strong>spezifisch, schmerzfrei <\/strong>und<strong> sicher. <\/strong>Sie unterscheiden sich dadurch vom im Volksmund bekannten \u201eEinrenken\u201c.<\/p>\n<\/div><\/div>\n<\/div>\n<\/div>\n\n\n\n<div class=\"wp-block-columns alignwide is-layout-flex wp-container-core-columns-is-layout-28f84493 wp-block-columns-is-layout-flex\">\n<div class=\"wp-block-column is-layout-flow wp-block-column-is-layout-flow\">\n<div class=\"wp-block-buttons is-layout-flex wp-block-buttons-is-layout-flex\">\n<div class=\"wp-block-button has-custom-width wp-block-button__width-100 has-custom-font-size aligncenter is-style-outline has-small-font-size popmake-598 is-style-outline--1\"><a class=\"wp-block-button__link wp-element-button\" style=\"border-radius:10px\">Geschichte<\/a><\/div>\n<\/div>\n<\/div>\n\n\n\n<div class=\"wp-block-column is-layout-flow wp-block-column-is-layout-flow\">\n<div class=\"wp-block-buttons is-layout-flex wp-block-buttons-is-layout-flex\">\n<div class=\"wp-block-button has-custom-width wp-block-button__width-100 has-custom-font-size aligncenter is-style-outline has-small-font-size popmake-940 is-style-outline--2\"><a class=\"wp-block-button__link wp-element-button\" style=\"border-radius:10px\">Ziele<\/a><\/div>\n<\/div>\n<\/div>\n\n\n\n<div class=\"wp-block-column is-layout-flow wp-block-column-is-layout-flow\">\n<div class=\"wp-block-buttons is-layout-flex wp-container-core-buttons-is-layout-d7af6e26 wp-block-buttons-is-layout-flex\">\n<div class=\"wp-block-button has-custom-width wp-block-button__width-100 has-custom-font-size aligncenter is-style-outline ticss-94e556b3 has-small-font-size popmake-934 is-style-outline--3\"><a class=\"wp-block-button__link wp-element-button\" style=\"border-radius:10px\">Ausbildung<\/a><\/div>\n<\/div>\n<\/div>\n<\/div>\n\n\n\n<div class=\"wp-block-columns alignwide is-layout-flex wp-container-core-columns-is-layout-28f84493 wp-block-columns-is-layout-flex\">\n<div class=\"wp-block-column is-layout-flow wp-block-column-is-layout-flow\">\n<div class=\"wp-block-buttons is-layout-flex wp-block-buttons-is-layout-flex\">\n<div class=\"wp-block-button has-custom-width wp-block-button__width-100 has-custom-font-size aligncenter is-style-outline has-small-font-size popmake-2252 is-style-outline--4\"><a class=\"wp-block-button__link wp-element-button\" style=\"border-radius:10px\">Berufsbezeichnung &#8222;Chiropraktor&#8220;<\/a><\/div>\n<\/div>\n<\/div>\n\n\n\n<div class=\"wp-block-column is-layout-flow wp-block-column-is-layout-flow\">\n<div class=\"wp-block-buttons is-layout-flex wp-block-buttons-is-layout-flex\">\n<div class=\"wp-block-button has-custom-width wp-block-button__width-100 has-custom-font-size aligncenter is-style-outline has-small-font-size popmake-607 is-style-outline--5\"><a class=\"wp-block-button__link wp-element-button\" style=\"border-radius:10px\">Berufsverband<\/a><\/div>\n<\/div>\n<\/div>\n<\/div>\n\n\n\n<div class=\"wp-block-columns alignfull has-background-color has-text-color has-background is-layout-flex wp-container-core-columns-is-layout-5c5cdacd wp-block-columns-is-layout-flex\" style=\"border-radius:7px;background:linear-gradient(90deg,rgba(51,51,51,0.83) 0%,rgb(51,51,51) 47%,rgba(51,51,51,0.83) 100%);padding-top:var(--wp--preset--spacing--20);padding-right:var(--wp--preset--spacing--20);padding-bottom:var(--wp--preset--spacing--20);padding-left:var(--wp--preset--spacing--20)\">\n<div class=\"wp-block-column is-layout-flow wp-block-column-is-layout-flow\">\n<p class=\"has-text-align-center has-medium-font-size\">FAQ &#8211; Wir beantworten Ihre Fragen<\/p>\n<\/div>\n<\/div>\n\n\n\n<div class=\"wp-block-columns alignwide is-layout-flex wp-container-core-columns-is-layout-28f84493 wp-block-columns-is-layout-flex\">\n<div class=\"wp-block-column is-layout-flow wp-block-column-is-layout-flow\">\n<div class=\"wp-block-media-text alignwide has-media-on-the-right is-stacked-on-mobile\"><div class=\"wp-block-media-text__content\">\n<p class=\"has-text-align-center has-text-color has-link-color wp-elements-f1f395d3763444455d3a5051703d2fb0\" style=\"color:#ab9a72;font-size:22px\"><strong>Sonstige Fragen<\/strong><\/p>\n\n\n\n<p class=\"has-text-align-center\">Hier werden die am h\u00e4ufigsten gestellten <strong>Fragen <\/strong>kurz und b\u00fcndig geantwortet&#8230;<\/p>\n\n\n\n<p class=\"has-text-align-center\">Sollten Sie dar\u00fcber hinaus Fragen haben, z\u00f6gern Sie nicht, uns anzurufen.<\/p>\n<\/div><figure class=\"wp-block-media-text__media\"><img decoding=\"async\" width=\"808\" height=\"540\" src=\"https:\/\/chiropraktik-oldenburg.de\/wp-content\/uploads\/2025\/03\/faq-rund.jpg\" alt=\"\" class=\"wp-image-1939 size-full\" srcset=\"https:\/\/chiropraktik-oldenburg.de\/wp-content\/uploads\/2025\/03\/faq-rund.jpg 808w, https:\/\/chiropraktik-oldenburg.de\/wp-content\/uploads\/2025\/03\/faq-rund-300x200.jpg 300w, https:\/\/chiropraktik-oldenburg.de\/wp-content\/uploads\/2025\/03\/faq-rund-768x513.jpg 768w\" sizes=\"(max-width: 808px) 100vw, 808px\" \/><\/figure><\/div>\n<\/div>\n<\/div>\n\n\n\n<div class=\"wp-block-columns alignwide is-layout-flex wp-container-core-columns-is-layout-28f84493 wp-block-columns-is-layout-flex\">\n<div class=\"wp-block-column is-layout-flow wp-block-column-is-layout-flow\">\n<div class=\"wp-block-buttons is-layout-flex wp-block-buttons-is-layout-flex\">\n<div class=\"wp-block-button has-custom-width wp-block-button__width-100 has-custom-font-size aligncenter is-style-outline has-small-font-size popmake-613 is-style-outline--6\"><a class=\"wp-block-button__link wp-element-button\" style=\"border-radius:10px\">K\u00f6nnen Sie mir helfen?<\/a><\/div>\n<\/div>\n<\/div>\n\n\n\n<div class=\"wp-block-column is-layout-flow wp-block-column-is-layout-flow\">\n<div class=\"wp-block-buttons is-layout-flex wp-block-buttons-is-layout-flex\">\n<div class=\"wp-block-button has-custom-width wp-block-button__width-100 has-custom-font-size aligncenter is-style-outline has-small-font-size popmake-615 is-style-outline--7\"><a class=\"wp-block-button__link wp-element-button\" style=\"border-radius:10px\">Warum zum Chiropraktor?<\/a><\/div>\n<\/div>\n<\/div>\n<\/div>\n\n\n\n<div class=\"wp-block-columns alignwide is-layout-flex wp-container-core-columns-is-layout-28f84493 wp-block-columns-is-layout-flex\">\n<div class=\"wp-block-column is-layout-flow wp-block-column-is-layout-flow\">\n<div class=\"wp-block-buttons is-layout-flex wp-block-buttons-is-layout-flex\">\n<div class=\"wp-block-button has-custom-width wp-block-button__width-100 has-custom-font-size aligncenter is-style-outline has-small-font-size popmake-621 is-style-outline--8\"><a class=\"wp-block-button__link wp-element-button\" style=\"border-radius:10px\">Brauche ich eine \u00dcberweisung vom Arzt?<\/a><\/div>\n<\/div>\n<\/div>\n\n\n\n<div class=\"wp-block-column is-layout-flow wp-block-column-is-layout-flow\">\n<div class=\"wp-block-buttons is-layout-flex wp-block-buttons-is-layout-flex\">\n<div class=\"wp-block-button has-custom-width wp-block-button__width-100 has-custom-font-size aligncenter is-style-outline has-small-font-size popmake-623 is-style-outline--9\"><a class=\"wp-block-button__link wp-element-button\" style=\"border-radius:10px\">Wie behandelt ein Chiropraktor?<\/a><\/div>\n<\/div>\n<\/div>\n<\/div>\n\n\n\n<div class=\"wp-block-columns alignwide is-layout-flex wp-container-core-columns-is-layout-28f84493 wp-block-columns-is-layout-flex\">\n<div class=\"wp-block-column is-layout-flow wp-block-column-is-layout-flow\">\n<div class=\"wp-block-buttons is-layout-flex wp-block-buttons-is-layout-flex\">\n<div class=\"wp-block-button has-custom-width wp-block-button__width-100 has-custom-font-size aligncenter is-style-outline has-small-font-size popmake-619 is-style-outline--10\"><a class=\"wp-block-button__link wp-element-button\" style=\"border-radius:10px\">Erstatten es die Krankenkassen?<\/a><\/div>\n<\/div>\n<\/div>\n\n\n\n<div class=\"wp-block-column is-layout-flow wp-block-column-is-layout-flow\">\n<div class=\"wp-block-buttons is-layout-flex wp-block-buttons-is-layout-flex\">\n<div class=\"wp-block-button has-custom-width wp-block-button__width-100 has-custom-font-size aligncenter is-style-outline has-small-font-size popmake-627 is-style-outline--11\"><a class=\"wp-block-button__link wp-element-button\" style=\"border-radius:10px\">Werde ich &#8222;eingerenkt&#8220;?<\/a><\/div>\n<\/div>\n<\/div>\n<\/div>\n\n\n\n<div class=\"wp-block-columns alignwide is-layout-flex wp-container-core-columns-is-layout-28f84493 wp-block-columns-is-layout-flex\">\n<div class=\"wp-block-column is-layout-flow wp-block-column-is-layout-flow\">\n<div class=\"wp-block-buttons is-layout-flex wp-block-buttons-is-layout-flex\">\n<div class=\"wp-block-button has-custom-width wp-block-button__width-100 has-custom-font-size aligncenter is-style-outline has-small-font-size popmake-629 is-style-outline--12\"><a class=\"wp-block-button__link wp-element-button\" style=\"border-radius:10px\">Welche Risiken bestehen?<\/a><\/div>\n<\/div>\n<\/div>\n\n\n\n<div class=\"wp-block-column is-layout-flow wp-block-column-is-layout-flow\">\n<div class=\"wp-block-buttons is-layout-flex wp-block-buttons-is-layout-flex\">\n<div class=\"wp-block-button has-custom-width wp-block-button__width-100 has-custom-font-size aligncenter is-style-outline has-small-font-size popmake-631 is-style-outline--13\"><a class=\"wp-block-button__link wp-element-button\" style=\"border-radius:10px\">Kann ich selber etwas machen?<\/a><\/div>\n<\/div>\n<\/div>\n<\/div>\n\n\n\n<div style=\"height:50px\" aria-hidden=\"true\" class=\"wp-block-spacer\"><\/div>\n","protected":false},"excerpt":{"rendered":"<p>ALLGEMEINES \u00fcber Chiropraktik Das Wort Chiropraktik kommt aus dem Griechischen und bedeutet \u201eMit der Hand behandeln\u201c. Chiropraktik ist eine manuelle und wissenschaftlich fundierte Technik zur Behandlung der Wirbels\u00e4ule und des \u00fcbrigen Bewegungsapparats. Die chiropraktische Behandlung ist ganzheitlich, bei der der K\u00f6rper als sinnvolle und organisierte Gesamtheit betrachtet wird. Chiropraktik befasst sich mit der Diagnose, der [&hellip;]<\/p>\n","protected":false},"author":1,"featured_media":0,"parent":0,"menu_order":0,"comment_status":"closed","ping_status":"closed","template":"page-without-title","meta":{"_themeisle_gutenberg_block_has_review":false,"footnotes":""},"class_list":["post-234","page","type-page","status-publish","hentry"],"_links":{"self":[{"href":"https:\/\/chiropraktik-oldenburg.de\/index.php?rest_route=\/wp\/v2\/pages\/234","targetHints":{"allow":["GET"]}}],"collection":[{"href":"https:\/\/chiropraktik-oldenburg.de\/index.php?rest_route=\/wp\/v2\/pages"}],"about":[{"href":"https:\/\/chiropraktik-oldenburg.de\/index.php?rest_route=\/wp\/v2\/types\/page"}],"author":[{"embeddable":true,"href":"https:\/\/chiropraktik-oldenburg.de\/index.php?rest_route=\/wp\/v2\/users\/1"}],"replies":[{"embeddable":true,"href":"https:\/\/chiropraktik-oldenburg.de\/index.php?rest_route=%2Fwp%2Fv2%2Fcomments&post=234"}],"version-history":[{"count":57,"href":"https:\/\/chiropraktik-oldenburg.de\/index.php?rest_route=\/wp\/v2\/pages\/234\/revisions"}],"predecessor-version":[{"id":2254,"href":"https:\/\/chiropraktik-oldenburg.de\/index.php?rest_route=\/wp\/v2\/pages\/234\/revisions\/2254"}],"wp:attachment":[{"href":"https:\/\/chiropraktik-oldenburg.de\/index.php?rest_route=%2Fwp%2Fv2%2Fmedia&parent=234"}],"curies":[{"name":"wp","href":"https:\/\/api.w.org\/{rel}","templated":true}]}}