{"id":20,"date":"2022-12-04T09:57:43","date_gmt":"2022-12-04T09:57:43","guid":{"rendered":"https:\/\/chiro90.wordpress.com\/?page_id=20"},"modified":"2025-05-30T15:54:18","modified_gmt":"2025-05-30T13:54:18","slug":"behandlungsspektrum","status":"publish","type":"page","link":"https:\/\/chiropraktik-oldenburg.de\/?page_id=20","title":{"rendered":"Behandlungsspektrum"},"content":{"rendered":"\n<div class=\"wp-block-cover alignfull is-light has-parallax has-custom-content-position is-position-top-left\" style=\"min-height:700px;aspect-ratio:unset;\"><div class=\"wp-block-cover__image-background wp-image-383 has-parallax\" style=\"background-position:50% 50%;background-image:url(https:\/\/chiropraktik-oldenburg.de\/wp-content\/uploads\/2022\/12\/Beschwerden-1-scaled.jpg)\"><\/div><span aria-hidden=\"true\" class=\"wp-block-cover__background has-tertiary-background-color has-background-dim-10 has-background-dim\"><\/span><div class=\"wp-block-cover__inner-container is-layout-flow wp-block-cover-is-layout-flow\">\n<div class=\"wp-block-columns has-background is-layout-flex wp-container-core-columns-is-layout-28f84493 wp-block-columns-is-layout-flex\" style=\"border-radius:7px;background-color:#33333391\">\n<div class=\"wp-block-column is-layout-flow wp-block-column-is-layout-flow\">\n<p class=\"has-background-color has-text-color\" style=\"font-size:22px\">BEHANDLUNGSSPEKTRUM<\/p>\n<\/div>\n<\/div>\n<\/div><\/div>\n\n\n\n<div class=\"wp-block-columns alignfull has-background-color has-text-color has-background has-medium-font-size is-layout-flex wp-container-core-columns-is-layout-5c5cdacd wp-block-columns-is-layout-flex\" style=\"border-radius:7px;background:linear-gradient(90deg,rgba(51,51,51,0.83) 0%,rgb(51,51,51) 48%,rgba(51,51,51,0.83) 100%);padding-top:var(--wp--preset--spacing--20);padding-right:var(--wp--preset--spacing--20);padding-bottom:var(--wp--preset--spacing--20);padding-left:var(--wp--preset--spacing--20)\">\n<div class=\"wp-block-column is-layout-flow wp-block-column-is-layout-flow\">\n<p class=\"has-text-align-center\">Bei diesen BESCHWERDEN k\u00f6nnen wir Ihnen helfen<\/p>\n<\/div>\n<\/div>\n\n\n\n<div class=\"wp-block-columns alignwide is-layout-flex wp-container-core-columns-is-layout-28f84493 wp-block-columns-is-layout-flex\">\n<div class=\"wp-block-column is-layout-flow wp-block-column-is-layout-flow\">\n<div class=\"wp-block-media-text alignwide is-stacked-on-mobile\" style=\"grid-template-columns:40% auto\"><figure class=\"wp-block-media-text__media\"><img fetchpriority=\"high\" decoding=\"async\" width=\"331\" height=\"331\" src=\"https:\/\/chiropraktik-oldenburg.de\/wp-content\/uploads\/2025\/03\/Ruecken-rund.jpg\" alt=\"\" class=\"wp-image-1932 size-full\" srcset=\"https:\/\/chiropraktik-oldenburg.de\/wp-content\/uploads\/2025\/03\/Ruecken-rund.jpg 331w, https:\/\/chiropraktik-oldenburg.de\/wp-content\/uploads\/2025\/03\/Ruecken-rund-300x300.jpg 300w, https:\/\/chiropraktik-oldenburg.de\/wp-content\/uploads\/2025\/03\/Ruecken-rund-150x150.jpg 150w\" sizes=\"(max-width: 331px) 100vw, 331px\" \/><\/figure><div class=\"wp-block-media-text__content\">\n<p>Wir behandeln mit <em>Chiropraktik <\/em>ein gro\u00dfes Spektrum an Beschwerden mechanischen Ursprungs. Dazu geh\u00f6ren sowohl <strong>Blockaden und Fehlstellungen<\/strong> als auch dessen <strong>Auswirkungen<\/strong> wie akute und chronische Schmerzen aber auch Schwindel, Konzentrationsprobleme uvm.<\/p>\n\n\n\n<p>Unten finden Sie eine <strong>Auswahl <\/strong>der h\u00e4ufigsten <strong>Beschwerden<\/strong>,<strong> <\/strong>denen wir uns mit gro\u00dfem Erfolg widmen &#8211; gegliedert in:<\/p>\n\n\n\n<ul class=\"wp-block-list\">\n<li>Bewegungseinschr\u00e4nkungen<\/li>\n\n\n\n<li>akute \/ chronische Schmerzen<\/li>\n\n\n\n<li>weitere Auswirkungen<\/li>\n<\/ul>\n\n\n\n<p>Klicken Sie sie an, um mehr \u00fcber die Beschwerden und wie wir Ihnen helfen k\u00f6nnen zu erfahren.<\/p>\n<\/div><\/div>\n<\/div>\n<\/div>\n\n\n\n<div class=\"wp-block-columns alignfull has-background has-medium-font-size is-layout-flex wp-container-core-columns-is-layout-5c5cdacd wp-block-columns-is-layout-flex\" style=\"border-radius:7px;background:linear-gradient(90deg,rgba(51,51,51,0.83) 0%,rgb(51,51,51) 46%,rgba(51,51,51,0.83) 100%);padding-top:var(--wp--preset--spacing--20);padding-right:var(--wp--preset--spacing--20);padding-bottom:var(--wp--preset--spacing--20);padding-left:var(--wp--preset--spacing--20)\">\n<div class=\"wp-block-column is-layout-flow wp-block-column-is-layout-flow\">\n<p class=\"has-text-align-center has-background-color has-text-color\" style=\"font-size:1px\"><\/p>\n<\/div>\n<\/div>\n\n\n\n<div class=\"wp-block-media-text alignwide has-media-on-the-right is-stacked-on-mobile is-vertically-aligned-center\"><div class=\"wp-block-media-text__content\">\n<div class=\"wp-block-columns are-vertically-aligned-center is-layout-flex wp-container-core-columns-is-layout-28f84493 wp-block-columns-is-layout-flex\">\n<div class=\"wp-block-column is-vertically-aligned-center is-layout-flow wp-block-column-is-layout-flow\">\n<p><strong>Mechanische Fehlfunktionen am Bewegungsapparat<\/strong> wie Blockaden sind h\u00e4ufig Ursachen von verschiedenen Problemen. Neben Schmerzen, die sie oft verursachen, f\u00fchren sie auch zu Bewegungseinschr\u00e4nkungen.<\/p>\n\n\n\n<div class=\"wp-block-buttons is-layout-flex wp-block-buttons-is-layout-flex\">\n<div class=\"wp-block-button has-custom-width wp-block-button__width-100 aligncenter is-style-outline popmake-562 is-style-outline--1\"><a class=\"wp-block-button__link has-small-font-size has-custom-font-size wp-element-button\" style=\"border-radius:10px\">Bandscheibensch\u00e4den<\/a><\/div>\n\n\n\n<div class=\"wp-block-button has-custom-width wp-block-button__width-100 aligncenter is-style-outline popmake-568 is-style-outline--2\"><a class=\"wp-block-button__link has-small-font-size has-custom-font-size wp-element-button\" style=\"border-radius:10px\">Iliosakral-Bereich<\/a><\/div>\n\n\n\n<div class=\"wp-block-button has-custom-width wp-block-button__width-100 aligncenter is-style-outline popmake-573 is-style-outline--3\"><a class=\"wp-block-button__link has-small-font-size has-custom-font-size wp-element-button\" style=\"border-radius:10px\">H\u00fcftgelenke<\/a><\/div>\n<\/div>\n<\/div>\n<\/div>\n<\/div><figure class=\"wp-block-media-text__media\"><img decoding=\"async\" width=\"1024\" height=\"768\" src=\"https:\/\/chiropraktik-oldenburg.de\/wp-content\/uploads\/2025\/04\/1-4-1024x768.png\" alt=\"\" class=\"wp-image-2164 size-full\" srcset=\"https:\/\/chiropraktik-oldenburg.de\/wp-content\/uploads\/2025\/04\/1-4-1024x768.png 1024w, https:\/\/chiropraktik-oldenburg.de\/wp-content\/uploads\/2025\/04\/1-4-300x225.png 300w, https:\/\/chiropraktik-oldenburg.de\/wp-content\/uploads\/2025\/04\/1-4-768x576.png 768w, https:\/\/chiropraktik-oldenburg.de\/wp-content\/uploads\/2025\/04\/1-4-1536x1152.png 1536w, https:\/\/chiropraktik-oldenburg.de\/wp-content\/uploads\/2025\/04\/1-4.png 1600w\" sizes=\"(max-width: 1024px) 100vw, 1024px\" \/><\/figure><\/div>\n\n\n\n<div class=\"wp-block-columns alignfull has-background has-medium-font-size is-layout-flex wp-container-core-columns-is-layout-5c5cdacd wp-block-columns-is-layout-flex\" style=\"border-radius:7px;background:linear-gradient(90deg,rgba(51,51,51,0.83) 0%,rgb(51,51,51) 46%,rgba(51,51,51,0.83) 100%);padding-top:var(--wp--preset--spacing--20);padding-right:var(--wp--preset--spacing--20);padding-bottom:var(--wp--preset--spacing--20);padding-left:var(--wp--preset--spacing--20)\">\n<div class=\"wp-block-column is-layout-flow wp-block-column-is-layout-flow\">\n<p class=\"has-text-align-center has-background-color has-text-color\" style=\"font-size:1px\"><\/p>\n<\/div>\n<\/div>\n\n\n\n<div class=\"wp-block-media-text alignwide is-stacked-on-mobile is-vertically-aligned-center\"><figure class=\"wp-block-media-text__media\"><img decoding=\"async\" width=\"1024\" height=\"768\" src=\"https:\/\/chiropraktik-oldenburg.de\/wp-content\/uploads\/2025\/04\/2-4-1024x768.png\" alt=\"\" class=\"wp-image-2166 size-full\" srcset=\"https:\/\/chiropraktik-oldenburg.de\/wp-content\/uploads\/2025\/04\/2-4-1024x768.png 1024w, https:\/\/chiropraktik-oldenburg.de\/wp-content\/uploads\/2025\/04\/2-4-300x225.png 300w, https:\/\/chiropraktik-oldenburg.de\/wp-content\/uploads\/2025\/04\/2-4-768x576.png 768w, https:\/\/chiropraktik-oldenburg.de\/wp-content\/uploads\/2025\/04\/2-4-1536x1152.png 1536w, https:\/\/chiropraktik-oldenburg.de\/wp-content\/uploads\/2025\/04\/2-4.png 1600w\" sizes=\"(max-width: 1024px) 100vw, 1024px\" \/><\/figure><div class=\"wp-block-media-text__content\">\n<div class=\"wp-block-columns are-vertically-aligned-center is-layout-flex wp-container-core-columns-is-layout-28f84493 wp-block-columns-is-layout-flex\">\n<div class=\"wp-block-column is-vertically-aligned-center is-layout-flow wp-block-column-is-layout-flow\">\n<p class=\"has-text-align-left\">\u00dcblicherweise merken Sie die Auswirkungen am st\u00e4rksten in Form von <strong>Schmerzen <\/strong>in Gelenken, Muskeln oder anderen K\u00f6rperteilen. Die unten genannten sind die am h\u00e4ufigsten auftretenden Beschwerden dieser Art:<\/p>\n\n\n\n<div class=\"wp-block-buttons is-layout-flex wp-block-buttons-is-layout-flex\">\n<div class=\"wp-block-button has-custom-width wp-block-button__width-100 aligncenter is-style-outline popmake-546 is-style-outline--4\"><a class=\"wp-block-button__link has-small-font-size has-custom-font-size wp-element-button\" style=\"border-radius:10px\">Kopfschmerzen<\/a><\/div>\n\n\n\n<div class=\"wp-block-button has-custom-width wp-block-button__width-100 aligncenter is-style-outline popmake-550 is-style-outline--5\"><a class=\"wp-block-button__link has-small-font-size has-custom-font-size wp-element-button\" style=\"border-radius:10px\">Nackenschmerzen<\/a><\/div>\n\n\n\n<div class=\"wp-block-button has-custom-width wp-block-button__width-100 aligncenter is-style-outline popmake-461 is-style-outline--6\"><a class=\"wp-block-button__link has-small-font-size has-custom-font-size wp-element-button\" style=\"border-radius:10px\">R\u00fcckenschmerzen<\/a><\/div>\n<\/div>\n<\/div>\n<\/div>\n<\/div><\/div>\n\n\n\n<div class=\"wp-block-columns alignfull has-background has-medium-font-size is-layout-flex wp-container-core-columns-is-layout-5c5cdacd wp-block-columns-is-layout-flex\" style=\"border-radius:7px;background:linear-gradient(90deg,rgba(51,51,51,0.83) 0%,rgb(51,51,51) 46%,rgba(51,51,51,0.83) 100%);padding-top:var(--wp--preset--spacing--20);padding-right:var(--wp--preset--spacing--20);padding-bottom:var(--wp--preset--spacing--20);padding-left:var(--wp--preset--spacing--20)\">\n<div class=\"wp-block-column is-layout-flow wp-block-column-is-layout-flow\">\n<p class=\"has-text-align-center has-background-color has-text-color\" style=\"font-size:1px\"><\/p>\n<\/div>\n<\/div>\n\n\n\n<div class=\"wp-block-media-text alignwide has-media-on-the-right is-stacked-on-mobile is-vertically-aligned-center\"><div class=\"wp-block-media-text__content\">\n<div class=\"wp-block-columns are-vertically-aligned-center is-layout-flex wp-container-core-columns-is-layout-28f84493 wp-block-columns-is-layout-flex\">\n<div class=\"wp-block-column is-vertically-aligned-center is-layout-flow wp-block-column-is-layout-flow\">\n<p>Doch auch <strong>weitere Probleme<\/strong> k\u00f6nnen ihren Ursprung in mechanischen Fehlstellungen haben. Sie &#8222;blockieren&#8220; Gelenke und damit auch Energien und Nervenbahnen, was sekund\u00e4re Beschwerden ausl\u00f6sen kann wie z.B.:<\/p>\n\n\n\n<div class=\"wp-block-buttons is-layout-flex wp-block-buttons-is-layout-flex\">\n<div class=\"wp-block-button has-custom-width wp-block-button__width-100 aligncenter is-style-outline popmake-2169 is-style-outline--7\"><a class=\"wp-block-button__link has-small-font-size has-custom-font-size wp-element-button\" style=\"border-radius:10px\">Konzentrationsprobleme<\/a><\/div>\n\n\n\n<div class=\"wp-block-button has-custom-width wp-block-button__width-100 aligncenter is-style-outline popmake-2171 is-style-outline--8\"><a class=\"wp-block-button__link has-small-font-size has-custom-font-size wp-element-button\" style=\"border-radius:10px\">Schlafst\u00f6rungen<\/a><\/div>\n\n\n\n<div class=\"wp-block-button has-custom-width wp-block-button__width-100 aligncenter is-style-outline popmake-577 is-style-outline--9\"><a class=\"wp-block-button__link has-small-font-size has-custom-font-size wp-element-button\" style=\"border-radius:10px\">Schwindel \/ Tinnitus<\/a><\/div>\n<\/div>\n<\/div>\n<\/div>\n<\/div><figure class=\"wp-block-media-text__media\"><img loading=\"lazy\" decoding=\"async\" width=\"1024\" height=\"768\" src=\"https:\/\/chiropraktik-oldenburg.de\/wp-content\/uploads\/2025\/04\/3-4-1024x768.png\" alt=\"\" class=\"wp-image-2167 size-full\" srcset=\"https:\/\/chiropraktik-oldenburg.de\/wp-content\/uploads\/2025\/04\/3-4-1024x768.png 1024w, https:\/\/chiropraktik-oldenburg.de\/wp-content\/uploads\/2025\/04\/3-4-300x225.png 300w, https:\/\/chiropraktik-oldenburg.de\/wp-content\/uploads\/2025\/04\/3-4-768x576.png 768w, https:\/\/chiropraktik-oldenburg.de\/wp-content\/uploads\/2025\/04\/3-4-1536x1152.png 1536w, https:\/\/chiropraktik-oldenburg.de\/wp-content\/uploads\/2025\/04\/3-4.png 1600w\" sizes=\"(max-width: 1024px) 100vw, 1024px\" \/><\/figure><\/div>\n\n\n\n<div class=\"wp-block-columns alignfull has-background-color has-text-color has-background has-medium-font-size is-layout-flex wp-container-core-columns-is-layout-5c5cdacd wp-block-columns-is-layout-flex\" style=\"border-radius:7px;background:linear-gradient(90deg,rgba(51,51,51,0.83) 0%,rgb(51,51,51) 49%,rgba(51,51,51,0.83) 100%);padding-top:var(--wp--preset--spacing--20);padding-right:var(--wp--preset--spacing--20);padding-bottom:var(--wp--preset--spacing--20);padding-left:var(--wp--preset--spacing--20)\">\n<div class=\"wp-block-column is-layout-flow wp-block-column-is-layout-flow\">\n<p class=\"has-text-align-center\">SPEZIFISCHE PERSONENGRUPPEN<\/p>\n<\/div>\n<\/div>\n\n\n\n<div class=\"wp-block-columns alignwide is-layout-flex wp-container-core-columns-is-layout-28f84493 wp-block-columns-is-layout-flex\">\n<div class=\"wp-block-column is-layout-flow wp-block-column-is-layout-flow\">\n<p class=\"has-text-align-left\" style=\"font-size:18px\">Der K\u00f6rper bestimmter Personengruppen ist besonderen Gegebenheiten oder Anforderungen ausgesetzt. Erfahren Sie hier, welchen <strong>besonderen Nutzen<\/strong> Chiropraktik z.B. hat f\u00fcr&#8230;<\/p>\n<\/div>\n<\/div>\n\n\n\n<div class=\"wp-block-columns alignwide is-layout-flex wp-container-core-columns-is-layout-28f84493 wp-block-columns-is-layout-flex\">\n<div class=\"wp-block-column is-layout-flow wp-block-column-is-layout-flow\">\n<div class=\"wp-block-buttons is-layout-flex wp-block-buttons-is-layout-flex\">\n<div class=\"wp-block-button has-custom-width wp-block-button__width-100 aligncenter is-style-outline popmake-583 is-style-outline--10\"><a class=\"wp-block-button__link has-small-font-size has-custom-font-size wp-element-button\" style=\"border-radius:10px\">&#8230;Kinder und Jugendliche<\/a><\/div>\n<\/div>\n<\/div>\n\n\n\n<div class=\"wp-block-column is-layout-flow wp-block-column-is-layout-flow\">\n<div class=\"wp-block-buttons is-layout-flex wp-block-buttons-is-layout-flex\">\n<div class=\"wp-block-button has-custom-width wp-block-button__width-100 aligncenter is-style-outline popmake-585 is-style-outline--11\"><a class=\"wp-block-button__link has-small-font-size has-custom-font-size wp-element-button\" style=\"border-radius:10px\">&#8230;Senioren<\/a><\/div>\n<\/div>\n<\/div>\n<\/div>\n\n\n\n<div class=\"wp-block-columns alignwide is-layout-flex wp-container-core-columns-is-layout-28f84493 wp-block-columns-is-layout-flex\">\n<div class=\"wp-block-column is-layout-flow wp-block-column-is-layout-flow\">\n<div class=\"wp-block-buttons is-layout-flex wp-block-buttons-is-layout-flex\">\n<div class=\"wp-block-button has-custom-width wp-block-button__width-100 aligncenter is-style-outline popmake-590 is-style-outline--12\"><a class=\"wp-block-button__link has-small-font-size has-custom-font-size wp-element-button\" style=\"border-radius:10px\">&#8230;Sportler<\/a><\/div>\n<\/div>\n<\/div>\n\n\n\n<div class=\"wp-block-column is-layout-flow wp-block-column-is-layout-flow\">\n<div class=\"wp-block-buttons is-layout-flex wp-block-buttons-is-layout-flex\">\n<div class=\"wp-block-button has-custom-width wp-block-button__width-100 aligncenter is-style-outline popmake-592 is-style-outline--13\"><a class=\"wp-block-button__link has-small-font-size has-custom-font-size wp-element-button\" style=\"border-radius:10px\">&#8230;Reiter<\/a><\/div>\n<\/div>\n<\/div>\n<\/div>\n\n\n\n<div class=\"wp-block-columns alignfull has-background-color has-text-color has-background has-medium-font-size is-layout-flex wp-container-core-columns-is-layout-5c5cdacd wp-block-columns-is-layout-flex\" style=\"border-radius:7px;background:linear-gradient(90deg,rgba(51,51,51,0.83) 0%,rgb(51,51,51) 49%,rgba(51,51,51,0.83) 100%);padding-top:var(--wp--preset--spacing--20);padding-right:var(--wp--preset--spacing--20);padding-bottom:var(--wp--preset--spacing--20);padding-left:var(--wp--preset--spacing--20)\">\n<div class=\"wp-block-column is-layout-flow wp-block-column-is-layout-flow\">\n<p class=\"has-text-align-center\">BEHANDLUNGEN &amp; BEHANDLUNGSVERLAUF<\/p>\n<\/div>\n<\/div>\n\n\n\n<div class=\"wp-block-media-text alignwide is-stacked-on-mobile is-vertically-aligned-center\" style=\"grid-template-columns:45% auto\"><figure class=\"wp-block-media-text__media\"><img loading=\"lazy\" decoding=\"async\" width=\"960\" height=\"720\" src=\"https:\/\/chiropraktik-oldenburg.de\/wp-content\/uploads\/2025\/04\/Behandlung-rund.png\" alt=\"\" class=\"wp-image-2196 size-full\" srcset=\"https:\/\/chiropraktik-oldenburg.de\/wp-content\/uploads\/2025\/04\/Behandlung-rund.png 960w, https:\/\/chiropraktik-oldenburg.de\/wp-content\/uploads\/2025\/04\/Behandlung-rund-300x225.png 300w, https:\/\/chiropraktik-oldenburg.de\/wp-content\/uploads\/2025\/04\/Behandlung-rund-768x576.png 768w\" sizes=\"(max-width: 960px) 100vw, 960px\" \/><\/figure><div class=\"wp-block-media-text__content\">\n<div class=\"wp-block-columns are-vertically-aligned-center is-layout-flex wp-container-core-columns-is-layout-28f84493 wp-block-columns-is-layout-flex\">\n<div class=\"wp-block-column is-vertically-aligned-center is-layout-flow wp-block-column-is-layout-flow\">\n<p>Informieren Sie sich an dieser Stelle gerne \u00fcber den Ablauf w\u00e4hrend eines <strong>Behandlungstermins<\/strong> und die <strong>Techniken<\/strong>, mit denen wir behandeln.<\/p>\n\n\n\n<div class=\"wp-block-buttons is-layout-flex wp-block-buttons-is-layout-flex\">\n<div class=\"wp-block-button has-custom-width wp-block-button__width-100 aligncenter is-style-outline popmake-652 is-style-outline--14\"><a class=\"wp-block-button__link has-small-font-size has-custom-font-size wp-element-button\" style=\"border-radius:10px\">Der erste Termin<\/a><\/div>\n\n\n\n<div class=\"wp-block-button has-custom-width wp-block-button__width-100 aligncenter is-style-outline popmake-2210 is-style-outline--15\"><a class=\"wp-block-button__link has-small-font-size has-custom-font-size wp-element-button\" style=\"border-radius:10px\">Weitere Termine<\/a><\/div>\n\n\n\n<div class=\"wp-block-button has-custom-width wp-block-button__width-100 aligncenter is-style-outline popmake-2200 is-style-outline--16\"><a class=\"wp-block-button__link has-small-font-size has-custom-font-size wp-element-button\" style=\"border-radius:10px\">Behandlungstechniken<\/a><\/div>\n<\/div>\n<\/div>\n<\/div>\n<\/div><\/div>\n\n\n\n<div class=\"wp-block-columns alignfull has-background has-medium-font-size is-layout-flex wp-container-core-columns-is-layout-5c5cdacd wp-block-columns-is-layout-flex\" style=\"border-radius:7px;background:linear-gradient(90deg,rgba(51,51,51,0.83) 0%,rgb(51,51,51) 46%,rgba(51,51,51,0.83) 100%);padding-top:var(--wp--preset--spacing--20);padding-right:var(--wp--preset--spacing--20);padding-bottom:var(--wp--preset--spacing--20);padding-left:var(--wp--preset--spacing--20)\">\n<div class=\"wp-block-column is-layout-flow wp-block-column-is-layout-flow\">\n<p class=\"has-text-align-center has-background-color has-text-color\" style=\"font-size:1px\"><\/p>\n<\/div>\n<\/div>\n\n\n\n<div class=\"wp-block-columns alignwide is-layout-flex wp-container-core-columns-is-layout-28f84493 wp-block-columns-is-layout-flex\">\n<div class=\"wp-block-column is-vertically-aligned-center is-layout-flow wp-block-column-is-layout-flow\">\n<p>Der <strong>Behandlungsverlauf <\/strong>richtet sich nach Art, Dauer und Intensit\u00e4t Ihrer Beschwerden und wird somit <em>individuell <\/em>auf Sie abgestimmt und mit Ihnen besprochen. Grob gliedert er sich jedoch in die beiden Haupt-Funktionen unserer Behandlungen: <strong>Beschwerden lindern<\/strong> und <strong>Beschwerden vorbeugen<\/strong>. Die \u00dcbersicht zeigt einen <em>typischen <\/em>Verlauf.<\/p>\n\n\n\n<div class=\"wp-block-buttons is-layout-flex wp-block-buttons-is-layout-flex\">\n<div class=\"wp-block-button has-custom-width wp-block-button__width-100 aligncenter is-style-outline popmake-654 is-style-outline--17\"><a class=\"wp-block-button__link has-small-font-size has-custom-font-size wp-element-button\" style=\"border-radius:10px\">Beschwerden lindern<\/a><\/div>\n\n\n\n<div class=\"wp-block-button has-custom-width wp-block-button__width-100 aligncenter is-style-outline popmake-2219 is-style-outline--18\"><a class=\"wp-block-button__link has-small-font-size has-custom-font-size wp-element-button\" style=\"border-radius:10px\">Beschwerden vorbeugen<\/a><\/div>\n<\/div>\n<\/div>\n\n\n\n<div class=\"wp-block-column is-layout-flow wp-block-column-is-layout-flow\" style=\"flex-basis:40%\">\n<p class=\"has-text-align-center has-text-color has-link-color has-medium-font-size wp-elements-4d29ad38c219f986b499643049c02b5e\" style=\"color:#ab9a72\"><strong><em>m\u00f6glicher Behandlungsverlauf<\/em><\/strong><\/p>\n\n\n<style type=\"text\/css\">\r\n\t#foogallery-gallery-1689 .fg-image {\r\n        width: 300px;\r\n    }\r\n<\/style>\r\n\t\t\t\t<div class=\"foogallery foogallery-container foogallery-default foogallery-lightbox-foobox fg-gutter-0 fg-center fg-m-col1 fg-default fg-light fg-border-thin fg-round-medium fg-shadow-outline fg-loading-trail fg-loaded-fade-in fg-caption-hover fg-hover-fade fg-hover-zoom fg-ready\" id=\"foogallery-gallery-1689\" data-foogallery=\"{&quot;item&quot;:{&quot;showCaptionTitle&quot;:true,&quot;showCaptionDescription&quot;:true},&quot;lazy&quot;:true}\" >\r\n\t<div class=\"fg-item fg-type-image fg-idle\"><figure class=\"fg-item-inner\"><a href=\"https:\/\/chiropraktik-oldenburg.de\/wp-content\/uploads\/2025\/04\/Weg.png\" data-attachment-id=\"2363\" class=\"fg-thumb\"><span class=\"fg-image-wrap\"><img decoding=\"async\" width=\"300\" height=\"300\" class=\"skip-lazy fg-image\" data-src-fg=\"https:\/\/chiropraktik-oldenburg.de\/wp-content\/uploads\/cache\/2025\/04\/Weg\/1049600369.png\" src=\"data:image\/svg+xml,%3Csvg%20xmlns%3D%22http%3A%2F%2Fwww.w3.org%2F2000%2Fsvg%22%20width%3D%22300%22%20height%3D%22300%22%20viewBox%3D%220%200%20300%20300%22%3E%3C%2Fsvg%3E\" loading=\"eager\"><\/span><span class=\"fg-image-overlay\"><\/span><\/a><figcaption class=\"fg-caption\"><div class=\"fg-caption-inner\"><\/div><\/figcaption><\/figure><div class=\"fg-loader\"><\/div><\/div><\/div>\r\n<\/div>\n<\/div>\n\n\n\n<div style=\"height:50px\" aria-hidden=\"true\" class=\"wp-block-spacer\"><\/div>\n","protected":false},"excerpt":{"rendered":"<p>Bei diesen BESCHWERDEN k\u00f6nnen wir Ihnen helfen Wir behandeln mit Chiropraktik ein gro\u00dfes Spektrum an Beschwerden mechanischen Ursprungs. Dazu geh\u00f6ren sowohl Blockaden und Fehlstellungen als auch dessen Auswirkungen wie akute und chronische Schmerzen aber auch Schwindel, Konzentrationsprobleme uvm. Unten finden Sie eine Auswahl der h\u00e4ufigsten Beschwerden, denen wir uns mit gro\u00dfem Erfolg widmen &#8211; gegliedert [&hellip;]<\/p>\n","protected":false},"author":1,"featured_media":0,"parent":0,"menu_order":0,"comment_status":"closed","ping_status":"closed","template":"page-without-title","meta":{"_themeisle_gutenberg_block_has_review":false,"footnotes":""},"class_list":["post-20","page","type-page","status-publish","hentry"],"_links":{"self":[{"href":"https:\/\/chiropraktik-oldenburg.de\/index.php?rest_route=\/wp\/v2\/pages\/20","targetHints":{"allow":["GET"]}}],"collection":[{"href":"https:\/\/chiropraktik-oldenburg.de\/index.php?rest_route=\/wp\/v2\/pages"}],"about":[{"href":"https:\/\/chiropraktik-oldenburg.de\/index.php?rest_route=\/wp\/v2\/types\/page"}],"author":[{"embeddable":true,"href":"https:\/\/chiropraktik-oldenburg.de\/index.php?rest_route=\/wp\/v2\/users\/1"}],"replies":[{"embeddable":true,"href":"https:\/\/chiropraktik-oldenburg.de\/index.php?rest_route=%2Fwp%2Fv2%2Fcomments&post=20"}],"version-history":[{"count":128,"href":"https:\/\/chiropraktik-oldenburg.de\/index.php?rest_route=\/wp\/v2\/pages\/20\/revisions"}],"predecessor-version":[{"id":2480,"href":"https:\/\/chiropraktik-oldenburg.de\/index.php?rest_route=\/wp\/v2\/pages\/20\/revisions\/2480"}],"wp:attachment":[{"href":"https:\/\/chiropraktik-oldenburg.de\/index.php?rest_route=%2Fwp%2Fv2%2Fmedia&parent=20"}],"curies":[{"name":"wp","href":"https:\/\/api.w.org\/{rel}","templated":true}]}}