{"id":1721,"date":"2024-09-16T17:26:05","date_gmt":"2024-09-16T15:26:05","guid":{"rendered":"https:\/\/chiropraktik-oldenburg.de\/?page_id=1721"},"modified":"2025-11-04T08:59:26","modified_gmt":"2025-11-04T06:59:26","slug":"komm-ins-team","status":"publish","type":"page","link":"https:\/\/chiropraktik-oldenburg.de\/?page_id=1721","title":{"rendered":"Komm ins Team"},"content":{"rendered":"\n<div class=\"wp-block-cover alignfull is-light has-parallax has-custom-content-position is-position-top-left\" style=\"min-height:700px;aspect-ratio:unset;\"><div class=\"wp-block-cover__image-background wp-image-1737 has-parallax\" style=\"background-position:50% 50%;background-image:url(https:\/\/chiropraktik-oldenburg.de\/wp-content\/uploads\/2024\/09\/Team.jpg)\"><\/div><span aria-hidden=\"true\" class=\"wp-block-cover__background has-tertiary-background-color has-background-dim-10 has-background-dim\"><\/span><div class=\"wp-block-cover__inner-container is-layout-flow wp-block-cover-is-layout-flow\">\n<div class=\"wp-block-columns has-background is-layout-flex wp-container-core-columns-is-layout-28f84493 wp-block-columns-is-layout-flex\" style=\"border-radius:7px;background-color:#33333391\">\n<div class=\"wp-block-column is-layout-flow wp-block-column-is-layout-flow\">\n<p class=\"has-background-color has-text-color\" style=\"font-size:22px\">KOMM INS TEAM<\/p>\n<\/div>\n<\/div>\n<\/div><\/div>\n\n\n\n<div class=\"wp-block-columns alignfull has-background-color has-text-color has-background is-layout-flex wp-container-core-columns-is-layout-5c5cdacd wp-block-columns-is-layout-flex\" style=\"border-radius:7px;background:linear-gradient(90deg,rgba(51,51,51,0.83) 0%,rgb(51,51,51) 46%,rgba(51,51,51,0.83) 100%);padding-top:var(--wp--preset--spacing--20);padding-right:var(--wp--preset--spacing--20);padding-bottom:var(--wp--preset--spacing--20);padding-left:var(--wp--preset--spacing--20)\">\n<div class=\"wp-block-column is-layout-flow wp-block-column-is-layout-flow\">\n<p class=\"has-text-align-center has-medium-font-size\">STELLENAUSSCHREIBUNG &#8211; Osteopath (m\/w\/d)<\/p>\n<\/div>\n<\/div>\n\n\n\n<div class=\"wp-block-media-text alignwide has-media-on-the-right is-stacked-on-mobile\"><div class=\"wp-block-media-text__content\">\n<p class=\"has-text-align-center has-medium-font-size\"><strong><strong>unbefristete Festanstellung &#8211; OSTEOPATH<\/strong><\/strong><\/p>\n\n\n\n<p class=\"has-text-align-center\">Du bist Osteopath und kennst den menschlichen K\u00f6rper wie deine Westentasche?<\/p>\n\n\n\n<p class=\"has-text-align-center\">Wir wollen f\u00fcr unsere Patienten unser Angebot durch Osteopathie erweitern und suchen daf\u00fcr ab sofort einen <strong>Osteopathen <\/strong>f\u00fcr eine <strong>unbefristete Festanstellung<\/strong>!<\/p>\n<\/div><figure class=\"wp-block-media-text__media\"><img fetchpriority=\"high\" decoding=\"async\" width=\"1024\" height=\"1024\" src=\"https:\/\/chiropraktik-oldenburg.de\/wp-content\/uploads\/2025\/02\/1-2-1024x1024.png\" alt=\"\" class=\"wp-image-1805 size-full\" srcset=\"https:\/\/chiropraktik-oldenburg.de\/wp-content\/uploads\/2025\/02\/1-2-1024x1024.png 1024w, https:\/\/chiropraktik-oldenburg.de\/wp-content\/uploads\/2025\/02\/1-2-300x300.png 300w, https:\/\/chiropraktik-oldenburg.de\/wp-content\/uploads\/2025\/02\/1-2-150x150.png 150w, https:\/\/chiropraktik-oldenburg.de\/wp-content\/uploads\/2025\/02\/1-2-768x768.png 768w, https:\/\/chiropraktik-oldenburg.de\/wp-content\/uploads\/2025\/02\/1-2.png 1080w\" sizes=\"(max-width: 1024px) 100vw, 1024px\" \/><\/figure><\/div>\n\n\n\n<div class=\"wp-block-columns alignfull has-background-color has-text-color has-background is-layout-flex wp-container-core-columns-is-layout-5c5cdacd wp-block-columns-is-layout-flex\" style=\"border-radius:7px;background:linear-gradient(90deg,rgba(51,51,51,0.83) 0%,rgb(51,51,51) 46%,rgba(51,51,51,0.83) 100%);padding-top:var(--wp--preset--spacing--20);padding-right:var(--wp--preset--spacing--20);padding-bottom:var(--wp--preset--spacing--20);padding-left:var(--wp--preset--spacing--20)\">\n<div class=\"wp-block-column is-layout-flow wp-block-column-is-layout-flow\">\n<p class=\"has-text-align-center has-medium-font-size\">Das bieten wir Dir<\/p>\n<\/div>\n<\/div>\n\n\n\n<div class=\"wp-block-columns alignwide is-layout-flex wp-container-core-columns-is-layout-28f84493 wp-block-columns-is-layout-flex\">\n<div class=\"wp-block-column is-layout-flow wp-block-column-is-layout-flow\">\n<div class=\"wp-block-media-text alignwide is-stacked-on-mobile\"><figure class=\"wp-block-media-text__media\"><img decoding=\"async\" width=\"1024\" height=\"830\" src=\"https:\/\/chiropraktik-oldenburg.de\/wp-content\/uploads\/2025\/02\/Anzeigenvideo-2-Osteo-W-L-B-Tage-1-1024x830.png\" alt=\"\" class=\"wp-image-1801 size-full\" srcset=\"https:\/\/chiropraktik-oldenburg.de\/wp-content\/uploads\/2025\/02\/Anzeigenvideo-2-Osteo-W-L-B-Tage-1-1024x830.png 1024w, https:\/\/chiropraktik-oldenburg.de\/wp-content\/uploads\/2025\/02\/Anzeigenvideo-2-Osteo-W-L-B-Tage-1-300x243.png 300w, https:\/\/chiropraktik-oldenburg.de\/wp-content\/uploads\/2025\/02\/Anzeigenvideo-2-Osteo-W-L-B-Tage-1-768x622.png 768w, https:\/\/chiropraktik-oldenburg.de\/wp-content\/uploads\/2025\/02\/Anzeigenvideo-2-Osteo-W-L-B-Tage-1.png 1080w\" sizes=\"(max-width: 1024px) 100vw, 1024px\" \/><\/figure><div class=\"wp-block-media-text__content\">\n<p class=\"has-text-align-center has-medium-font-size\"><strong>Lust auf eine optimale Work-Life-Balance?<\/strong><\/p>\n\n\n\n<p class=\"has-text-align-center\">Dann haben wir genau das Richtige f\u00fcr Dich!<\/p>\n<\/div><\/div>\n\n\n\n<div class=\"wp-block-media-text alignwide has-media-on-the-right is-stacked-on-mobile\"><div class=\"wp-block-media-text__content\">\n<p class=\"has-text-align-center has-medium-font-size\"><strong>Wie klingt das f\u00fcr Dich?<\/strong><\/p>\n\n\n\n<p class=\"has-text-align-center\"><strong>2 Tage Arbeit<\/strong> &#8211; <em>1 Tag frei<\/em> &#8211; <strong>2 Tage Arbeit<\/strong> &#8211; <em>2 Tage frei<\/em><\/p>\n\n\n\n<p>Dank einer <strong>4 Tage Woche<\/strong> genie\u00dft Du eine <strong>optimale Work-Life-Balance<\/strong>. Au\u00dferdem hast Du bei uns: <br>&#8211; keine Schichtarbeit<br>&#8211; keine Arbeit an Wochenenden<br>&#8211; keine Arbeit an Feiertagen<br>&#8211; verl\u00e4ssliche Arbeitszeiten<br>&#8211; \u00fcberdurchschnittlicher Urlaubsanspruch<\/p>\n<\/div><figure class=\"wp-block-media-text__media\"><img decoding=\"async\" width=\"1024\" height=\"779\" src=\"https:\/\/chiropraktik-oldenburg.de\/wp-content\/uploads\/2025\/02\/Masseursuche-1-1024x779.png\" alt=\"\" class=\"wp-image-1815 size-full\" srcset=\"https:\/\/chiropraktik-oldenburg.de\/wp-content\/uploads\/2025\/02\/Masseursuche-1-1024x779.png 1024w, https:\/\/chiropraktik-oldenburg.de\/wp-content\/uploads\/2025\/02\/Masseursuche-1-300x228.png 300w, https:\/\/chiropraktik-oldenburg.de\/wp-content\/uploads\/2025\/02\/Masseursuche-1-768x585.png 768w, https:\/\/chiropraktik-oldenburg.de\/wp-content\/uploads\/2025\/02\/Masseursuche-1.png 1080w\" sizes=\"(max-width: 1024px) 100vw, 1024px\" \/><\/figure><\/div>\n\n\n\n<div class=\"wp-block-media-text alignwide is-stacked-on-mobile\"><figure class=\"wp-block-media-text__media\"><img loading=\"lazy\" decoding=\"async\" width=\"1024\" height=\"1019\" src=\"https:\/\/chiropraktik-oldenburg.de\/wp-content\/uploads\/2024\/09\/Osteo3-1024x1019.png\" alt=\"\" class=\"wp-image-1725 size-full\" srcset=\"https:\/\/chiropraktik-oldenburg.de\/wp-content\/uploads\/2024\/09\/Osteo3-1024x1019.png 1024w, https:\/\/chiropraktik-oldenburg.de\/wp-content\/uploads\/2024\/09\/Osteo3-300x300.png 300w, https:\/\/chiropraktik-oldenburg.de\/wp-content\/uploads\/2024\/09\/Osteo3-150x150.png 150w, https:\/\/chiropraktik-oldenburg.de\/wp-content\/uploads\/2024\/09\/Osteo3-768x765.png 768w, https:\/\/chiropraktik-oldenburg.de\/wp-content\/uploads\/2024\/09\/Osteo3.png 1127w\" sizes=\"(max-width: 1024px) 100vw, 1024px\" \/><\/figure><div class=\"wp-block-media-text__content\">\n<p class=\"has-text-align-center has-medium-font-size\"><strong>Klingt gut? Ist es auch!<\/strong><\/p>\n\n\n\n<p class=\"has-text-align-justify\">Bei uns hast Du zudem:<br>&#8211; 32 Stunden \/ Woche<br>&#8211; \u00fcberdurchschnittliche Bezahlung<br>&#8211; besetzte Anmeldung (volle Konzentration auf die Behandlungen)<br>&#8211; digitalisierte Praxis (Dokumentation in Sekunden und kein Papierkram)<br>&#8211; das beste Team, was man sich vorstellen kann \ud83d\ude09<\/p>\n<\/div><\/div>\n\n\n\n<div class=\"wp-block-media-text alignwide has-media-on-the-right is-stacked-on-mobile\"><div class=\"wp-block-media-text__content\">\n<p class=\"has-text-align-center has-medium-font-size\"><strong>Jetzt bewerben!<\/strong><\/p>\n\n\n\n<p class=\"has-text-align-center\">Melde Dich noch heute bei Manuela Mansholt unter <a href=\"mailto:kontakt@chiropraktik-oldenburg.de\">kontakt@chiropraktik-oldenburg.de<\/a> <br>oder unter <strong>0441 &#8211; 960 101 67<\/strong><\/p>\n\n\n\n<p class=\"has-text-align-center\">Wir freuen uns darauf, Dich kennenzulernen!<\/p>\n<\/div><figure class=\"wp-block-media-text__media\"><img loading=\"lazy\" decoding=\"async\" width=\"1024\" height=\"846\" src=\"https:\/\/chiropraktik-oldenburg.de\/wp-content\/uploads\/2024\/09\/Osteo4-1024x846.png\" alt=\"\" class=\"wp-image-1726 size-full\" srcset=\"https:\/\/chiropraktik-oldenburg.de\/wp-content\/uploads\/2024\/09\/Osteo4-1024x846.png 1024w, https:\/\/chiropraktik-oldenburg.de\/wp-content\/uploads\/2024\/09\/Osteo4-300x248.png 300w, https:\/\/chiropraktik-oldenburg.de\/wp-content\/uploads\/2024\/09\/Osteo4-768x634.png 768w, https:\/\/chiropraktik-oldenburg.de\/wp-content\/uploads\/2024\/09\/Osteo4.png 1108w\" sizes=\"(max-width: 1024px) 100vw, 1024px\" \/><\/figure><\/div>\n<\/div>\n<\/div>\n\n\n\n<div style=\"height:50px\" aria-hidden=\"true\" class=\"wp-block-spacer\"><\/div>\n","protected":false},"excerpt":{"rendered":"<p>STELLENAUSSCHREIBUNG &#8211; Osteopath (m\/w\/d) unbefristete Festanstellung &#8211; OSTEOPATH Du bist Osteopath und kennst den menschlichen K\u00f6rper wie deine Westentasche? Wir wollen f\u00fcr unsere Patienten unser Angebot durch Osteopathie erweitern und suchen daf\u00fcr ab sofort einen Osteopathen f\u00fcr eine unbefristete Festanstellung! Das bieten wir Dir Lust auf eine optimale Work-Life-Balance? Dann haben wir genau das Richtige [&hellip;]<\/p>\n","protected":false},"author":1,"featured_media":0,"parent":0,"menu_order":0,"comment_status":"closed","ping_status":"closed","template":"page-without-title","meta":{"_themeisle_gutenberg_block_has_review":false,"footnotes":""},"class_list":["post-1721","page","type-page","status-publish","hentry"],"_links":{"self":[{"href":"https:\/\/chiropraktik-oldenburg.de\/index.php?rest_route=\/wp\/v2\/pages\/1721","targetHints":{"allow":["GET"]}}],"collection":[{"href":"https:\/\/chiropraktik-oldenburg.de\/index.php?rest_route=\/wp\/v2\/pages"}],"about":[{"href":"https:\/\/chiropraktik-oldenburg.de\/index.php?rest_route=\/wp\/v2\/types\/page"}],"author":[{"embeddable":true,"href":"https:\/\/chiropraktik-oldenburg.de\/index.php?rest_route=\/wp\/v2\/users\/1"}],"replies":[{"embeddable":true,"href":"https:\/\/chiropraktik-oldenburg.de\/index.php?rest_route=%2Fwp%2Fv2%2Fcomments&post=1721"}],"version-history":[{"count":16,"href":"https:\/\/chiropraktik-oldenburg.de\/index.php?rest_route=\/wp\/v2\/pages\/1721\/revisions"}],"predecessor-version":[{"id":2678,"href":"https:\/\/chiropraktik-oldenburg.de\/index.php?rest_route=\/wp\/v2\/pages\/1721\/revisions\/2678"}],"wp:attachment":[{"href":"https:\/\/chiropraktik-oldenburg.de\/index.php?rest_route=%2Fwp%2Fv2%2Fmedia&parent=1721"}],"curies":[{"name":"wp","href":"https:\/\/api.w.org\/{rel}","templated":true}]}}